{"id":12,"date":"2024-06-27T07:46:35","date_gmt":"2024-06-27T07:46:35","guid":{"rendered":"https:\/\/gruassanmiguel.rkinformatika.online\/?page_id=12"},"modified":"2024-07-09T11:57:45","modified_gmt":"2024-07-09T11:57:45","slug":"servicios","status":"publish","type":"page","link":"https:\/\/gruassanmiguel.es\/eus\/servicios\/","title":{"rendered":"Zerbitzuak"},"content":{"rendered":"\t\t<div data-elementor-type=\"wp-page\" data-elementor-id=\"12\" class=\"elementor elementor-12\" data-elementor-post-type=\"page\">\n\t\t\t\t<div class=\"elementor-element elementor-element-1577ad2 e-con-full e-flex e-con e-parent\" data-id=\"1577ad2\" data-element_type=\"container\" data-e-type=\"container\" data-settings=\"{&quot;background_background&quot;:&quot;classic&quot;}\">\n\t\t<div class=\"elementor-element elementor-element-7a175b3 e-con-full e-flex e-con e-child\" data-id=\"7a175b3\" data-element_type=\"container\" data-e-type=\"container\" data-settings=\"{&quot;background_background&quot;:&quot;classic&quot;}\">\n\t\t\t\t<div class=\"elementor-element elementor-element-1962b6e elementor-invisible elementor-widget elementor-widget-heading\" data-id=\"1962b6e\" data-element_type=\"widget\" data-e-type=\"widget\" data-settings=\"{&quot;_animation&quot;:&quot;zoomIn&quot;,&quot;motion_fx_motion_fx_mouse&quot;:&quot;yes&quot;}\" data-widget_type=\"heading.default\">\n\t\t\t\t<div class=\"elementor-widget-container\">\n\t\t\t\t\t<h2 class=\"elementor-heading-title elementor-size-default\">Nuestro Servicios<\/h2>\t\t\t\t<\/div>\n\t\t\t\t<\/div>\n\t\t\t\t<\/div>\n\t\t\t\t<\/div>\n\t\t<div class=\"elementor-element elementor-element-60ebb21b e-con-full e-flex e-con e-parent\" data-id=\"60ebb21b\" data-element_type=\"container\" data-e-type=\"container\" data-settings=\"{&quot;background_background&quot;:&quot;classic&quot;}\">\n\t\t<div class=\"elementor-element elementor-element-4b8ec665 e-con-full e-flex elementor-invisible e-con e-child\" data-id=\"4b8ec665\" data-element_type=\"container\" data-e-type=\"container\" data-settings=\"{&quot;animation&quot;:&quot;fadeInLeft&quot;}\">\n\t\t<div class=\"elementor-element elementor-element-1cd4a305 e-con-full e-flex elementor-invisible e-con e-child\" data-id=\"1cd4a305\" data-element_type=\"container\" data-e-type=\"container\" data-settings=\"{&quot;background_background&quot;:&quot;classic&quot;,&quot;animation&quot;:&quot;fadeInLeft&quot;}\">\n\t\t\t\t<div class=\"elementor-element elementor-element-6c43a0b7 elementor-widget elementor-widget-icon-box\" data-id=\"6c43a0b7\" data-element_type=\"widget\" data-e-type=\"widget\" data-widget_type=\"icon-box.default\">\n\t\t\t\t<div class=\"elementor-widget-container\">\n\t\t\t\t\t\t\t<div class=\"elementor-icon-box-wrapper\">\n\n\t\t\t\n\t\t\t\t\t\t<div class=\"elementor-icon-box-content\">\n\n\t\t\t\t\t\t\t\t\t<h3 class=\"elementor-icon-box-title\">\n\t\t\t\t\t\t<span  >\n\t\t\t\t\t\t\tTraslados de veh\u00edculos\t\t\t\t\t\t<\/span>\n\t\t\t\t\t<\/h3>\n\t\t\t\t\n\t\t\t\t\t\t\t\t\t<p class=\"elementor-icon-box-description\">\n\t\t\t\t\t\tTraslados de Veh\u00edculos ofrece servicios profesionales de transporte de veh\u00edculos adaptados a sus necesidades. Ya sea que necesite trasladar un veh\u00edculo personal o gestionar la transferencia de una flota empresarial, garantizamos un transporte seguro y eficiente. Nuestro equipo dedicado prioriza la puntualidad y la satisfacci\u00f3n del cliente, ofreciendo soluciones confiables para transferencias de veh\u00edculos sin contratiempos.\t\t\t\t\t<\/p>\n\t\t\t\t\n\t\t\t<\/div>\n\t\t\t\n\t\t<\/div>\n\t\t\t\t\t\t<\/div>\n\t\t\t\t<\/div>\n\t\t\t\t<\/div>\n\t\t<div class=\"elementor-element elementor-element-1f094a9f e-con-full e-flex elementor-invisible e-con e-child\" data-id=\"1f094a9f\" data-element_type=\"container\" data-e-type=\"container\" data-settings=\"{&quot;background_background&quot;:&quot;classic&quot;,&quot;animation&quot;:&quot;fadeInRight&quot;}\">\n\t\t\t\t<\/div>\n\t\t\t\t<\/div>\n\t\t<div class=\"elementor-element elementor-element-4ecc3a5f e-con-full e-flex e-con e-child\" data-id=\"4ecc3a5f\" data-element_type=\"container\" data-e-type=\"container\">\n\t\t<div class=\"elementor-element elementor-element-4a8d7ca7 e-con-full e-flex elementor-invisible e-con e-child\" data-id=\"4a8d7ca7\" data-element_type=\"container\" data-e-type=\"container\" data-settings=\"{&quot;background_background&quot;:&quot;slideshow&quot;,&quot;background_slideshow_gallery&quot;:[{&quot;id&quot;:106,&quot;url&quot;:&quot;https:\\\/\\\/gruassanmiguel.es\\\/wp-content\\\/uploads\\\/2024\\\/06\\\/4.jpg&quot;},{&quot;id&quot;:103,&quot;url&quot;:&quot;https:\\\/\\\/gruassanmiguel.es\\\/wp-content\\\/uploads\\\/2024\\\/06\\\/1.jpg&quot;},{&quot;id&quot;:104,&quot;url&quot;:&quot;https:\\\/\\\/gruassanmiguel.es\\\/wp-content\\\/uploads\\\/2024\\\/06\\\/2.jpg&quot;},{&quot;id&quot;:105,&quot;url&quot;:&quot;https:\\\/\\\/gruassanmiguel.es\\\/wp-content\\\/uploads\\\/2024\\\/06\\\/3.jpg&quot;}],&quot;animation&quot;:&quot;fadeInLeft&quot;,&quot;background_slideshow_loop&quot;:&quot;yes&quot;,&quot;background_slideshow_slide_duration&quot;:5000,&quot;background_slideshow_slide_transition&quot;:&quot;fade&quot;,&quot;background_slideshow_transition_duration&quot;:500}\">\n\t\t\t\t<\/div>\n\t\t<div class=\"elementor-element elementor-element-3b717aad e-con-full e-flex elementor-invisible e-con e-child\" data-id=\"3b717aad\" data-element_type=\"container\" data-e-type=\"container\" data-settings=\"{&quot;background_background&quot;:&quot;classic&quot;,&quot;animation&quot;:&quot;fadeInRight&quot;}\">\n\t\t\t\t<div class=\"elementor-element elementor-element-2d8d366e elementor-widget elementor-widget-icon-box\" data-id=\"2d8d366e\" data-element_type=\"widget\" data-e-type=\"widget\" data-widget_type=\"icon-box.default\">\n\t\t\t\t<div class=\"elementor-widget-container\">\n\t\t\t\t\t\t\t<div class=\"elementor-icon-box-wrapper\">\n\n\t\t\t\n\t\t\t\t\t\t<div class=\"elementor-icon-box-content\">\n\n\t\t\t\t\t\t\t\t\t<h3 class=\"elementor-icon-box-title\">\n\t\t\t\t\t\t<span  >\n\t\t\t\t\t\t\tServicios de asistencia\t\t\t\t\t\t<\/span>\n\t\t\t\t\t<\/h3>\n\t\t\t\t\n\t\t\t\t\t\t\t\t\t<p class=\"elementor-icon-box-description\">\n\t\t\t\t\t\tNos especializamos en ofrecer asistencia experta y soluciones efectivas para satisfacer sus necesidades espec\u00edficas. Ya sea que necesite soporte t\u00e9cnico, asesor\u00eda especializada o atenci\u00f3n personalizada, nuestro equipo est\u00e1 dedicado a proporcionar un servicio confiable y de alta calidad. Priorizamos su satisfacci\u00f3n y la resoluci\u00f3n eficiente de sus requerimientos, asegurando una experiencia de asistencia integral y satisfactoria.\t\t\t\t\t<\/p>\n\t\t\t\t\n\t\t\t<\/div>\n\t\t\t\n\t\t<\/div>\n\t\t\t\t\t\t<\/div>\n\t\t\t\t<\/div>\n\t\t\t\t<\/div>\n\t\t\t\t<\/div>\n\t\t\t\t<\/div>\n\t\t<div class=\"elementor-element elementor-element-7358a13e e-con-full e-flex e-con e-parent\" data-id=\"7358a13e\" data-element_type=\"container\" data-e-type=\"container\" data-settings=\"{&quot;background_background&quot;:&quot;classic&quot;}\">\n\t\t\t\t<div class=\"elementor-element elementor-element-1715b1ec elementor-widget elementor-widget-icon-box\" data-id=\"1715b1ec\" data-element_type=\"widget\" data-e-type=\"widget\" data-widget_type=\"icon-box.default\">\n\t\t\t\t<div class=\"elementor-widget-container\">\n\t\t\t\t\t\t\t<div class=\"elementor-icon-box-wrapper\">\n\n\t\t\t\n\t\t\t\t\t\t<div class=\"elementor-icon-box-content\">\n\n\t\t\t\t\t\t\t\t\t<h3 class=\"elementor-icon-box-title\">\n\t\t\t\t\t\t<span  >\n\t\t\t\t\t\t\t\"Nosotros manejamos tu auto, t\u00fa maneja tus prioridades.\"\t\t\t\t\t\t<\/span>\n\t\t\t\t\t<\/h3>\n\t\t\t\t\n\t\t\t\t\n\t\t\t<\/div>\n\t\t\t\n\t\t<\/div>\n\t\t\t\t\t\t<\/div>\n\t\t\t\t<\/div>\n\t\t\t\t<\/div>\n\t\t\t\t<\/div>\n\t\t","protected":false},"excerpt":{"rendered":"<p>Nuestro Servicios Traslados de veh\u00edculos Traslados de Veh\u00edculos ofrece servicios profesionales de transporte de veh\u00edculos adaptados a sus necesidades. Ya sea que necesite trasladar un veh\u00edculo personal o gestionar la transferencia de una flota empresarial, garantizamos un transporte seguro y eficiente. Nuestro equipo dedicado prioriza la puntualidad y la satisfacci\u00f3n del cliente, ofreciendo soluciones confiables [&hellip;]<\/p>\n","protected":false},"author":1,"featured_media":0,"parent":0,"menu_order":0,"comment_status":"closed","ping_status":"closed","template":"elementor_canvas","meta":{"footnotes":""},"class_list":["post-12","page","type-page","status-publish","hentry"],"yoast_head":"<!-- This site is optimized with the Yoast SEO plugin v27.3 - https:\/\/yoast.com\/product\/yoast-seo-wordpress\/ -->\n<title>Servicios - Gruas San Miguel<\/title>\n<meta name=\"robots\" content=\"index, follow, max-snippet:-1, max-image-preview:large, max-video-preview:-1\" \/>\n<link rel=\"canonical\" href=\"https:\/\/gruassanmiguel.es\/eus\/servicios\/\" \/>\n<meta property=\"og:locale\" content=\"en_US\" \/>\n<meta property=\"og:type\" content=\"article\" \/>\n<meta property=\"og:title\" content=\"Servicios - Gruas San Miguel\" \/>\n<meta property=\"og:description\" content=\"Nuestro Servicios Traslados de veh\u00edculos Traslados de Veh\u00edculos ofrece servicios profesionales de transporte de veh\u00edculos adaptados a sus necesidades. Ya sea que necesite trasladar un veh\u00edculo personal o gestionar la transferencia de una flota empresarial, garantizamos un transporte seguro y eficiente. Nuestro equipo dedicado prioriza la puntualidad y la satisfacci\u00f3n del cliente, ofreciendo soluciones confiables [&hellip;]\" \/>\n<meta property=\"og:url\" content=\"https:\/\/gruassanmiguel.es\/eus\/servicios\/\" \/>\n<meta property=\"og:site_name\" content=\"Gruas San Miguel\" \/>\n<meta property=\"article:modified_time\" content=\"2024-07-09T11:57:45+00:00\" \/>\n<meta name=\"twitter:card\" content=\"summary_large_image\" \/>\n<meta name=\"twitter:label1\" content=\"Est. reading time\" \/>\n\t<meta name=\"twitter:data1\" content=\"1 minutua\" \/>\n<script type=\"application\/ld+json\" class=\"yoast-schema-graph\">{\"@context\":\"https:\\\/\\\/schema.org\",\"@graph\":[{\"@type\":\"WebPage\",\"@id\":\"https:\\\/\\\/gruassanmiguel.es\\\/servicios\\\/\",\"url\":\"https:\\\/\\\/gruassanmiguel.es\\\/servicios\\\/\",\"name\":\"Servicios - Gruas San Miguel\",\"isPartOf\":{\"@id\":\"https:\\\/\\\/gruassanmiguel.es\\\/#website\"},\"datePublished\":\"2024-06-27T07:46:35+00:00\",\"dateModified\":\"2024-07-09T11:57:45+00:00\",\"breadcrumb\":{\"@id\":\"https:\\\/\\\/gruassanmiguel.es\\\/servicios\\\/#breadcrumb\"},\"inLanguage\":\"eu\",\"potentialAction\":[{\"@type\":\"ReadAction\",\"target\":[\"https:\\\/\\\/gruassanmiguel.es\\\/servicios\\\/\"]}]},{\"@type\":\"BreadcrumbList\",\"@id\":\"https:\\\/\\\/gruassanmiguel.es\\\/servicios\\\/#breadcrumb\",\"itemListElement\":[{\"@type\":\"ListItem\",\"position\":1,\"name\":\"Portada\",\"item\":\"https:\\\/\\\/gruassanmiguel.es\\\/\"},{\"@type\":\"ListItem\",\"position\":2,\"name\":\"Servicios\"}]},{\"@type\":\"WebSite\",\"@id\":\"https:\\\/\\\/gruassanmiguel.es\\\/#website\",\"url\":\"https:\\\/\\\/gruassanmiguel.es\\\/\",\"name\":\"Gruas San Miguel\",\"description\":\"\",\"potentialAction\":[{\"@type\":\"SearchAction\",\"target\":{\"@type\":\"EntryPoint\",\"urlTemplate\":\"https:\\\/\\\/gruassanmiguel.es\\\/?s={search_term_string}\"},\"query-input\":{\"@type\":\"PropertyValueSpecification\",\"valueRequired\":true,\"valueName\":\"search_term_string\"}}],\"inLanguage\":\"eu\"}]}<\/script>\n<!-- \/ Yoast SEO plugin. -->","yoast_head_json":{"title":"Servicios - Gruas San Miguel","robots":{"index":"index","follow":"follow","max-snippet":"max-snippet:-1","max-image-preview":"max-image-preview:large","max-video-preview":"max-video-preview:-1"},"canonical":"https:\/\/gruassanmiguel.es\/eus\/servicios\/","og_locale":"en_US","og_type":"article","og_title":"Servicios - Gruas San Miguel","og_description":"Nuestro Servicios Traslados de veh\u00edculos Traslados de Veh\u00edculos ofrece servicios profesionales de transporte de veh\u00edculos adaptados a sus necesidades. Ya sea que necesite trasladar un veh\u00edculo personal o gestionar la transferencia de una flota empresarial, garantizamos un transporte seguro y eficiente. Nuestro equipo dedicado prioriza la puntualidad y la satisfacci\u00f3n del cliente, ofreciendo soluciones confiables [&hellip;]","og_url":"https:\/\/gruassanmiguel.es\/eus\/servicios\/","og_site_name":"Gruas San Miguel","article_modified_time":"2024-07-09T11:57:45+00:00","twitter_card":"summary_large_image","twitter_misc":{"Est. reading time":"1 minutua"},"schema":{"@context":"https:\/\/schema.org","@graph":[{"@type":"WebPage","@id":"https:\/\/gruassanmiguel.es\/servicios\/","url":"https:\/\/gruassanmiguel.es\/servicios\/","name":"Servicios - Gruas San Miguel","isPartOf":{"@id":"https:\/\/gruassanmiguel.es\/#website"},"datePublished":"2024-06-27T07:46:35+00:00","dateModified":"2024-07-09T11:57:45+00:00","breadcrumb":{"@id":"https:\/\/gruassanmiguel.es\/servicios\/#breadcrumb"},"inLanguage":"eu","potentialAction":[{"@type":"ReadAction","target":["https:\/\/gruassanmiguel.es\/servicios\/"]}]},{"@type":"BreadcrumbList","@id":"https:\/\/gruassanmiguel.es\/servicios\/#breadcrumb","itemListElement":[{"@type":"ListItem","position":1,"name":"Portada","item":"https:\/\/gruassanmiguel.es\/"},{"@type":"ListItem","position":2,"name":"Servicios"}]},{"@type":"WebSite","@id":"https:\/\/gruassanmiguel.es\/#website","url":"https:\/\/gruassanmiguel.es\/","name":"Gruas San Miguel","description":"","potentialAction":[{"@type":"SearchAction","target":{"@type":"EntryPoint","urlTemplate":"https:\/\/gruassanmiguel.es\/?s={search_term_string}"},"query-input":{"@type":"PropertyValueSpecification","valueRequired":true,"valueName":"search_term_string"}}],"inLanguage":"eu"}]}},"_links":{"self":[{"href":"https:\/\/gruassanmiguel.es\/eus\/wp-json\/wp\/v2\/pages\/12","targetHints":{"allow":["GET"]}}],"collection":[{"href":"https:\/\/gruassanmiguel.es\/eus\/wp-json\/wp\/v2\/pages"}],"about":[{"href":"https:\/\/gruassanmiguel.es\/eus\/wp-json\/wp\/v2\/types\/page"}],"author":[{"embeddable":true,"href":"https:\/\/gruassanmiguel.es\/eus\/wp-json\/wp\/v2\/users\/1"}],"replies":[{"embeddable":true,"href":"https:\/\/gruassanmiguel.es\/eus\/wp-json\/wp\/v2\/comments?post=12"}],"version-history":[{"count":253,"href":"https:\/\/gruassanmiguel.es\/eus\/wp-json\/wp\/v2\/pages\/12\/revisions"}],"predecessor-version":[{"id":1307,"href":"https:\/\/gruassanmiguel.es\/eus\/wp-json\/wp\/v2\/pages\/12\/revisions\/1307"}],"wp:attachment":[{"href":"https:\/\/gruassanmiguel.es\/eus\/wp-json\/wp\/v2\/media?parent=12"}],"curies":[{"name":"wp","href":"https:\/\/api.w.org\/{rel}","templated":true}]}}